{"id":1580,"date":"2017-01-02T08:28:52","date_gmt":"2017-01-02T08:28:52","guid":{"rendered":"https:\/\/demo.themegrill.com\/flash-default-2\/?page_id=5"},"modified":"2019-02-04T14:10:10","modified_gmt":"2019-02-04T14:10:10","slug":"home-4","status":"publish","type":"page","link":"https:\/\/zeyreksuit.com\/","title":{"rendered":"Home"},"content":{"rendered":"<div id=\"pl-1580\"  class=\"panel-layout\" ><div id=\"pg-1580-0\"  class=\"panel-grid panel-has-style\" ><div class=\"siteorigin-panels-stretch panel-row-style panel-row-style-for-1580-0\" data-stretch-type=\"full-stretched\" ><div id=\"pgc-1580-0-0\"  class=\"panel-grid-cell\" ><div id=\"panel-1580-0-0-0\" class=\"so-panel widget widget_themegrill_flash_slider tg-section tg-slider-widget panel-first-child panel-last-child\" data-index=\"0\" ><div class=\"flash_inherit_color panel-widget-style panel-widget-style-for-1580-0-0-0\" ><div class=\"tg-slider-widget slider-light slider-content-center slider-control-center full-width\">\n\t<div class=\"swiper-container\">\n\t\t<div class=\"swiper-wrapper\">\n\t\t\t\n\t\t\t\t\t<div class=\"swiper-slide\">\n\t\t\t\t\t\t<figure class=\"slider-image\" >\n\t\t\t\t\t\t\t<img width=\"2800\" height=\"1866\"\t\t\t\t\t\t\t\t\tsrc=\"http:\/\/zeyreksuit.com\/wp-content\/uploads\/2019\/01\/hghfgdfgh.jpg\"\n\t\t\t\t\t\t\t\t\talt=\"\"\n\t\t\t\t\t\t\t\t\ttitle=\"\"\/>\n\t\t\t\t\t\t\t<div class=\"overlay\"><\/div>\n\t\t\t\t\t\t<\/figure>\n\t\t\t\t\t\t<div class=\"slider-content\">\n\t\t\t\t\t\t\t<div class=\"tg-container\">\n\t\t\t\t\t\t\t\t<div class=\"caption-title\"><\/div>\n\t\t\t\t\t\t\t\t<div class=\"caption-desc\"><\/div>\n\t\t\t\t\t\t\t\t\t\t\t\t\t\t\t<\/div>\n\t\t\t\t\t\t<\/div>\n\t\t\t\t\t<\/div>\n\n\t\t\t\t\n\t\t\t\t\t<div class=\"swiper-slide\">\n\t\t\t\t\t\t<figure class=\"slider-image\" >\n\t\t\t\t\t\t\t<img width=\"2800\" height=\"1645\"\t\t\t\t\t\t\t\t\tsrc=\"http:\/\/zeyreksuit.com\/wp-content\/uploads\/2019\/01\/building-business-businessman-999267.jpg\"\n\t\t\t\t\t\t\t\t\talt=\"\"\n\t\t\t\t\t\t\t\t\ttitle=\"\"\/>\n\t\t\t\t\t\t\t<div class=\"overlay\"><\/div>\n\t\t\t\t\t\t<\/figure>\n\t\t\t\t\t\t<div class=\"slider-content\">\n\t\t\t\t\t\t\t<div class=\"tg-container\">\n\t\t\t\t\t\t\t\t<div class=\"caption-title\"><\/div>\n\t\t\t\t\t\t\t\t<div class=\"caption-desc\"><\/div>\n\t\t\t\t\t\t\t\t\t\t\t\t\t\t\t<\/div>\n\t\t\t\t\t\t<\/div>\n\t\t\t\t\t<\/div>\n\n\t\t\t\t\n\t\t\t\t\t<div class=\"swiper-slide\">\n\t\t\t\t\t\t<figure class=\"slider-image\" >\n\t\t\t\t\t\t\t<img width=\"2800\" height=\"1305\"\t\t\t\t\t\t\t\t\tsrc=\"http:\/\/zeyreksuit.com\/wp-content\/uploads\/2019\/01\/beverage-drink-man-1381544.jpg\"\n\t\t\t\t\t\t\t\t\talt=\"\"\n\t\t\t\t\t\t\t\t\ttitle=\"\"\/>\n\t\t\t\t\t\t\t<div class=\"overlay\"><\/div>\n\t\t\t\t\t\t<\/figure>\n\t\t\t\t\t\t<div class=\"slider-content\">\n\t\t\t\t\t\t\t<div class=\"tg-container\">\n\t\t\t\t\t\t\t\t<div class=\"caption-title\"><\/div>\n\t\t\t\t\t\t\t\t<div class=\"caption-desc\"><\/div>\n\t\t\t\t\t\t\t\t\t\t\t\t\t\t\t<\/div>\n\t\t\t\t\t\t<\/div>\n\t\t\t\t\t<\/div>\n\n\t\t\t\t\t\t<\/div>\n\t\t<div class=\"swiper-pagination\"><\/div>\n\t\t<div class=\"slider-arrow\">\n\t\t\t<div class=\"swiper-button-next\"><\/div>\n\t\t\t<div class=\"swiper-button-prev\"><\/div>\n\t\t<\/div>\n\t<\/div>\n<\/div>\n<\/div><\/div><\/div><\/div><\/div><div id=\"pg-1580-1\"  class=\"panel-grid panel-has-style\" ><div class=\"panel-row-style panel-row-style-for-1580-1\" ><div id=\"pgc-1580-1-0\"  class=\"panel-grid-cell\" ><div id=\"panel-1580-1-0-0\" class=\"so-panel widget widget_themegrill_flash_service tg-widget tg-single-service panel-first-child panel-last-child\" data-index=\"1\" >\n<div class=\"tg-service-widget tg-service-layout-1\">\n\t<div class=\"service-wrapper\">\n\t\t<div class=\"service-icon-title-wrapper clearfix\">\n\t\t\t\t\t\t<div class=\"service-icon-wrap\"><i class=\"fa fa-cog\"><\/i><\/div>\n\t\t\t\t\t\t\t\t\t\t\t\t<h3 class=\"service-title-wrap\">\n\t\t\t\tHIGHLY CUSTOMIZABLE\t\t\t\t\t\t\t<\/h3>\n\t\t\t\t\t<\/div>\n\t\t\t\t<div class=\"service-content-wrap\">We are a manufacturer company. So we can make the models you want and the measurements you want<\/div>\n\t\t\t\t\t<\/div>\n<\/div>\n<\/div><\/div><div id=\"pgc-1580-1-1\"  class=\"panel-grid-cell\" ><div id=\"panel-1580-1-1-0\" class=\"so-panel widget widget_themegrill_flash_service tg-widget tg-single-service panel-first-child panel-last-child\" data-index=\"2\" >\n<div class=\"tg-service-widget tg-service-layout-1\">\n\t<div class=\"service-wrapper\">\n\t\t<div class=\"service-icon-title-wrapper clearfix\">\n\t\t\t\t\t\t<div class=\"service-icon-wrap\"><i class=\"fa fa-support\"><\/i><\/div>\n\t\t\t\t\t\t\t\t\t\t\t\t<h3 class=\"service-title-wrap\">\n\t\t\t\tFAST SUPPORT\t\t\t\t\t\t\t<\/h3>\n\t\t\t\t\t<\/div>\n\t\t\t\t<div class=\"service-content-wrap\">We have production capacity of 20000 pieces per month. So you can get your products delivered quickly<\/div>\n\t\t\t\t\t<\/div>\n<\/div>\n<\/div><\/div><div id=\"pgc-1580-1-2\"  class=\"panel-grid-cell\" ><div id=\"panel-1580-1-2-0\" class=\"so-panel widget widget_themegrill_flash_service tg-widget tg-single-service panel-first-child panel-last-child\" data-index=\"3\" >\n<div class=\"tg-service-widget tg-service-layout-1\">\n\t<div class=\"service-wrapper\">\n\t\t<div class=\"service-icon-title-wrapper clearfix\">\n\t\t\t\t\t\t<div class=\"service-icon-wrap\"><i class=\"fa fa-thumbs-up\"><\/i><\/div>\n\t\t\t\t\t\t\t\t\t\t\t\t<h3 class=\"service-title-wrap\">\n\t\t\t\tCOMPETITIVE PRICES\t\t\t\t\t\t\t<\/h3>\n\t\t\t\t\t<\/div>\n\t\t\t\t<div class=\"service-content-wrap\">You are purchasing the product at competitive prices for working directly with the factory<\/div>\n\t\t\t\t\t<\/div>\n<\/div>\n<\/div><\/div><\/div><\/div><div id=\"pg-1580-2\"  class=\"panel-grid panel-has-style\" ><div class=\"siteorigin-panels-stretch panel-row-style panel-row-style-for-1580-2\" data-stretch-type=\"full\" ><div id=\"pgc-1580-2-0\"  class=\"panel-grid-cell\" ><div id=\"panel-1580-2-0-0\" class=\"so-panel widget widget_themegrill_flash_heading tg-widget section-title-wrapper panel-first-child\" data-index=\"4\" >\t<h3 class=\"section-title\">FEATURE PRODUCTS<\/h3>\n<\/div><div id=\"panel-1580-2-0-1\" class=\"so-panel widget widget_themegrill_flash_portfolio tg-section feature-product-section panel-last-child\" data-index=\"5\" ><div class=\"tg-feature-product-layout-1 tg-feature-product-filter-layout\"><div class=\"tg-container\"><div class=\"grid\"><div class=\"tg-column-wrapper\"><div class=\"tg-feature-product-widget element-item uxdesign tg-column-4 our-products \" data-category=\"our-products \"><figure><img loading=\"lazy\" decoding=\"async\" width=\"1500\" height=\"1500\" src=\"https:\/\/zeyreksuit.com\/wp-content\/uploads\/2019\/02\/3-2.jpg\" class=\"attachment-full size-full wp-post-image\" alt=\"\" srcset=\"https:\/\/zeyreksuit.com\/wp-content\/uploads\/2019\/02\/3-2.jpg 1500w, https:\/\/zeyreksuit.com\/wp-content\/uploads\/2019\/02\/3-2-150x150.jpg 150w, https:\/\/zeyreksuit.com\/wp-content\/uploads\/2019\/02\/3-2-300x300.jpg 300w, https:\/\/zeyreksuit.com\/wp-content\/uploads\/2019\/02\/3-2-768x768.jpg 768w, https:\/\/zeyreksuit.com\/wp-content\/uploads\/2019\/02\/3-2-1024x1024.jpg 1024w, https:\/\/zeyreksuit.com\/wp-content\/uploads\/2019\/02\/3-2-600x600.jpg 600w, https:\/\/zeyreksuit.com\/wp-content\/uploads\/2019\/02\/3-2-100x100.jpg 100w\" sizes=\"(max-width: 1500px) 100vw, 1500px\" \/><\/figure><div class=\"featured-image-desc\"><span><a href=\"https:\/\/zeyreksuit.com\/?portfolio=tuxedo-zeytux-0073\"><i class=\"fa fa-plus\"><\/i><\/a><\/span><div class=\"feature-inner-block\"><h3 class=\"feature-title-wrap\"><a href=\"https:\/\/zeyreksuit.com\/?portfolio=tuxedo-zeytux-0073\">TUXEDO ZEYTUX-0073<\/a><\/h3><h4 class=\"feature-desc-wrap\">Visit OUR SHOWROOM for more&#8230;<\/h4><\/div><\/div><\/div><div class=\"tg-feature-product-widget element-item uxdesign tg-column-4 our-products \" data-category=\"our-products \"><figure><img loading=\"lazy\" decoding=\"async\" width=\"1500\" height=\"1500\" src=\"https:\/\/zeyreksuit.com\/wp-content\/uploads\/2019\/02\/3-1.jpg\" class=\"attachment-full size-full wp-post-image\" alt=\"\" srcset=\"https:\/\/zeyreksuit.com\/wp-content\/uploads\/2019\/02\/3-1.jpg 1500w, https:\/\/zeyreksuit.com\/wp-content\/uploads\/2019\/02\/3-1-150x150.jpg 150w, https:\/\/zeyreksuit.com\/wp-content\/uploads\/2019\/02\/3-1-300x300.jpg 300w, https:\/\/zeyreksuit.com\/wp-content\/uploads\/2019\/02\/3-1-768x768.jpg 768w, https:\/\/zeyreksuit.com\/wp-content\/uploads\/2019\/02\/3-1-1024x1024.jpg 1024w, https:\/\/zeyreksuit.com\/wp-content\/uploads\/2019\/02\/3-1-600x600.jpg 600w, https:\/\/zeyreksuit.com\/wp-content\/uploads\/2019\/02\/3-1-100x100.jpg 100w\" sizes=\"(max-width: 1500px) 100vw, 1500px\" \/><\/figure><div class=\"featured-image-desc\"><span><a href=\"https:\/\/zeyreksuit.com\/?portfolio=tuxedo-zeytux-0045\"><i class=\"fa fa-plus\"><\/i><\/a><\/span><div class=\"feature-inner-block\"><h3 class=\"feature-title-wrap\"><a href=\"https:\/\/zeyreksuit.com\/?portfolio=tuxedo-zeytux-0045\">TUXEDO ZEYTUX-0045<\/a><\/h3><h4 class=\"feature-desc-wrap\">Visit OUR SHOWROOM for more&#8230;<\/h4><\/div><\/div><\/div><div class=\"tg-feature-product-widget element-item uxdesign tg-column-4 our-products \" data-category=\"our-products \"><figure><img loading=\"lazy\" decoding=\"async\" width=\"1500\" height=\"1500\" src=\"https:\/\/zeyreksuit.com\/wp-content\/uploads\/2019\/02\/4-2.jpg\" class=\"attachment-full size-full wp-post-image\" alt=\"\" srcset=\"https:\/\/zeyreksuit.com\/wp-content\/uploads\/2019\/02\/4-2.jpg 1500w, https:\/\/zeyreksuit.com\/wp-content\/uploads\/2019\/02\/4-2-150x150.jpg 150w, https:\/\/zeyreksuit.com\/wp-content\/uploads\/2019\/02\/4-2-300x300.jpg 300w, https:\/\/zeyreksuit.com\/wp-content\/uploads\/2019\/02\/4-2-768x768.jpg 768w, https:\/\/zeyreksuit.com\/wp-content\/uploads\/2019\/02\/4-2-1024x1024.jpg 1024w, https:\/\/zeyreksuit.com\/wp-content\/uploads\/2019\/02\/4-2-600x600.jpg 600w, https:\/\/zeyreksuit.com\/wp-content\/uploads\/2019\/02\/4-2-100x100.jpg 100w\" sizes=\"(max-width: 1500px) 100vw, 1500px\" \/><\/figure><div class=\"featured-image-desc\"><span><a href=\"https:\/\/zeyreksuit.com\/?portfolio=tuxedo-zeytux-0044\"><i class=\"fa fa-plus\"><\/i><\/a><\/span><div class=\"feature-inner-block\"><h3 class=\"feature-title-wrap\"><a href=\"https:\/\/zeyreksuit.com\/?portfolio=tuxedo-zeytux-0044\">TUXEDO ZEYTUX-0044<\/a><\/h3><h4 class=\"feature-desc-wrap\">Visit OUR SHOWROOM for more&#8230;<\/h4><\/div><\/div><\/div><div class=\"tg-feature-product-widget element-item uxdesign tg-column-4 our-products \" data-category=\"our-products \"><figure><img loading=\"lazy\" decoding=\"async\" width=\"1500\" height=\"1500\" src=\"https:\/\/zeyreksuit.com\/wp-content\/uploads\/2019\/02\/3.jpg\" class=\"attachment-full size-full wp-post-image\" alt=\"\" srcset=\"https:\/\/zeyreksuit.com\/wp-content\/uploads\/2019\/02\/3.jpg 1500w, https:\/\/zeyreksuit.com\/wp-content\/uploads\/2019\/02\/3-150x150.jpg 150w, https:\/\/zeyreksuit.com\/wp-content\/uploads\/2019\/02\/3-300x300.jpg 300w, https:\/\/zeyreksuit.com\/wp-content\/uploads\/2019\/02\/3-768x768.jpg 768w, https:\/\/zeyreksuit.com\/wp-content\/uploads\/2019\/02\/3-1024x1024.jpg 1024w, https:\/\/zeyreksuit.com\/wp-content\/uploads\/2019\/02\/3-600x600.jpg 600w, https:\/\/zeyreksuit.com\/wp-content\/uploads\/2019\/02\/3-100x100.jpg 100w\" sizes=\"(max-width: 1500px) 100vw, 1500px\" \/><\/figure><div class=\"featured-image-desc\"><span><a href=\"https:\/\/zeyreksuit.com\/?portfolio=tuxedo-zeytux-0043\"><i class=\"fa fa-plus\"><\/i><\/a><\/span><div class=\"feature-inner-block\"><h3 class=\"feature-title-wrap\"><a href=\"https:\/\/zeyreksuit.com\/?portfolio=tuxedo-zeytux-0043\">TUXEDO ZEYTUX-0043<\/a><\/h3><h4 class=\"feature-desc-wrap\">Visit OUR SHOWROOM for more&#8230;<\/h4><\/div><\/div><\/div><\/div><!-- \/.tg-column-wrapper--><\/div><!-- \/.grid --><\/div><!-- \/.tg-container --><\/div><!-- \/.layout div --><\/div><\/div><\/div><\/div><div id=\"pg-1580-3\"  class=\"panel-grid panel-has-style\" ><div class=\"panel-row-style panel-row-style-for-1580-3\" ><div id=\"pgc-1580-3-0\"  class=\"panel-grid-cell\" ><div id=\"panel-1580-3-0-0\" class=\"so-panel widget widget_siteorigin-panels-builder panel-first-child panel-last-child\" data-index=\"6\" ><div class=\"panel-widget-style panel-widget-style-for-1580-3-0-0\" ><div id=\"pl-w5c58346fa31a2\"  class=\"panel-layout\" ><div id=\"pg-w5c58346fa31a2-0\"  class=\"panel-grid panel-no-style\" ><div id=\"pgc-w5c58346fa31a2-0-0\"  class=\"panel-grid-cell\" ><div id=\"panel-w5c58346fa31a2-0-0-0\" class=\"so-panel widget widget_themegrill_flash_heading tg-widget section-title-wrapper panel-first-child\" data-index=\"0\" >\t<h3 class=\"section-title\">WHO ARE WE?<\/h3>\n\t<div class=\"section-description\">We are a member of Alibaba Gold Supplier<\/div>\n<\/div><div id=\"panel-w5c58346fa31a2-0-0-1\" class=\"so-panel widget widget_themegrill_flash_image tg-widget tg-image-widget\" data-index=\"1\" >\t<a href=\"http:\/\/zeyreksuit.trustpass.alibaba.com\"><img decoding=\"async\" src=\"http:\/\/zeyreksuit.com\/wp-content\/uploads\/2019\/02\/ZEYREK-ALIBABA.jpg\" \/><\/a>\n<\/div><div id=\"panel-w5c58346fa31a2-0-0-2\" class=\"so-panel widget widget_themegrill_flash_cta tg-widget call-to-action-section panel-last-child\" data-index=\"2\" ><div class=\"flash_inherit_color panel-widget-style panel-widget-style-for-w5c58346fa31a2-0-0-2\" ><div class=\"cta-wrapper \">\n\t<div class=\"section-title-wrapper\">\n\t\t\t<\/div>\n\t\t<div class=\"btn-wrapper\">\n\t\t\t\t<a class=\"btn\" href=\"http:\/\/zeyreksuit.trustpass.alibaba.com\">ZEYREK ALIBABA<\/a>\n\t\t\t\t\t<\/div>\n\t<\/div>\n<\/div><\/div><\/div><\/div><\/div><\/div><\/div><\/div><\/div><\/div><div id=\"pg-1580-4\"  class=\"panel-grid panel-no-style\" ><div id=\"pgc-1580-4-0\"  class=\"panel-grid-cell\" ><div id=\"panel-1580-4-0-0\" class=\"so-panel widget widget_themegrill_flash_image tg-widget tg-image-widget panel-first-child panel-last-child\" data-index=\"7\" >\t<img decoding=\"async\" src=\"http:\/\/zeyreksuit.com\/wp-content\/uploads\/2019\/01\/how-it-work-1.jpg\" \/>\n<\/div><\/div><\/div><div id=\"pg-1580-5\"  class=\"panel-grid panel-no-style\" ><div id=\"pgc-1580-5-0\"  class=\"panel-grid-cell\" ><div id=\"panel-1580-5-0-0\" class=\"so-panel widget widget_themegrill_flash_image tg-widget tg-image-widget panel-first-child panel-last-child\" data-index=\"8\" >\t<img decoding=\"async\" src=\"http:\/\/zeyreksuit.com\/wp-content\/uploads\/2019\/02\/Ba\u015fl\u0131ks\u0131z.jpg\" \/>\n<\/div><\/div><div id=\"pgc-1580-5-1\"  class=\"panel-grid-cell\" ><div id=\"panel-1580-5-1-0\" class=\"so-panel widget widget_themegrill_flash_testimonial tg-section testimonial-section panel-first-child panel-last-child\" data-index=\"9\" ><div class=\"tg-testimonial-widget\">\n\t<div class=\"testimonial-container swiper-container\">\n\t\t<div class=\"testimonial-wrapper swiper-wrapper\">\n\t\t\t\t\t\t<div class=\"testimonial-slide swiper-slide\">\n\t\t\t\t<div class=\"testimonial-content-wrapper\">\n\t\t\t\t\t<div class=\"testimonial-icon\"><i class=\"fa fa-quote-left\"><\/i> <\/div>\n\t\t\t\t\t\t\t\t\t\t<div class=\"testimonial-content\">Zeyrek Suit is a pioneer in the suit market in Turkey with 1250 square meters showroom. We serve our customers with our strong stock of 15000 pieces<\/div>\n\t\t\t\t\t\t\t\t\t<\/div>\n\t\t\t\t<div class=\"testimonial-client-detail\">\n\t\t\t\t\t\t\t\t\t\t<div class=\"client-detail-block\">\n\t\t\t\t\t\t\t\t\t\t\t\t<h3 class=\"testimonial-title\">Zeyrek Suit Head Office<\/h3>\n\t\t\t\t\t\t\t\t\t\t\t\t\t\t\t\t\t<\/div>\n\t\t\t\t<\/div>\n\t\t\t<\/div>\n\t\t\t\t\t<\/div>\n\t\t<div class=\"swiper-pagination testimonial-pager\"><\/div>\n\t<\/div>\n<\/div>\n<\/div><\/div><\/div><div id=\"pg-1580-6\"  class=\"panel-grid panel-has-style\" ><div class=\"siteorigin-panels-stretch panel-row-style panel-row-style-for-1580-6\" data-siteorigin-parallax=\"{&quot;backgroundUrl&quot;:&quot;https:\\\/\\\/zeyreksuit.com\\\/wp-content\\\/uploads\\\/2017\\\/01\\\/fun-facts-bg.jpg&quot;,&quot;backgroundSize&quot;:[1920,338],&quot;backgroundSizing&quot;:&quot;scaled&quot;,&quot;limitMotion&quot;:&quot;auto&quot;}\" data-stretch-type=\"full\" ><div id=\"pgc-1580-6-0\"  class=\"panel-grid-cell\" ><div id=\"panel-1580-6-0-0\" class=\"so-panel widget widget_themegrill_flash_counter tg-widget tg-single-counter panel-first-child panel-last-child\" data-index=\"10\" ><div class=\"flash_inherit_color panel-widget-style panel-widget-style-for-1580-6-0-0\" ><div class=\"fun-facts-section\">\n\t<div class=\"tg-fun-facts-widget tg-fun-facts-layout-2\">\n\t\t<div class=\"fun-facts-wrapper\">\n\t\t\t\t\t\t<span class=\"fun-facts-icon-wrap\"><i class=\"fa fa-cubes\"><\/i><\/span>\n\t\t\t\t\t\t\t\t\t<span class=\"counter-wrapper\"><span class=\"counter\">20000<\/span><i class=\"fa fa-plus\"><\/i><\/span>\n\t\t\t\t\t\t\t\t\t<h3 class=\"fun-facts-title-wrap\">Production Capacity<\/h3>\n\t\t\t\t\t<\/div>\n\t<\/div>\n<\/div>\n<\/div><\/div><\/div><div id=\"pgc-1580-6-1\"  class=\"panel-grid-cell\" ><div id=\"panel-1580-6-1-0\" class=\"so-panel widget widget_themegrill_flash_counter tg-widget tg-single-counter panel-first-child panel-last-child\" data-index=\"11\" ><div class=\"flash_inherit_color panel-widget-style panel-widget-style-for-1580-6-1-0\" ><div class=\"fun-facts-section\">\n\t<div class=\"tg-fun-facts-widget tg-fun-facts-layout-2\">\n\t\t<div class=\"fun-facts-wrapper\">\n\t\t\t\t\t\t<span class=\"fun-facts-icon-wrap\"><i class=\"fa fa-database\"><\/i><\/span>\n\t\t\t\t\t\t\t\t\t<span class=\"counter-wrapper\"><span class=\"counter\">15000<\/span><i class=\"fa fa-plus\"><\/i><\/span>\n\t\t\t\t\t\t\t\t\t<h3 class=\"fun-facts-title-wrap\">Amount of stock<\/h3>\n\t\t\t\t\t<\/div>\n\t<\/div>\n<\/div>\n<\/div><\/div><\/div><div id=\"pgc-1580-6-2\"  class=\"panel-grid-cell\" ><div id=\"panel-1580-6-2-0\" class=\"so-panel widget widget_themegrill_flash_counter tg-widget tg-single-counter panel-first-child panel-last-child\" data-index=\"12\" ><div class=\"flash_inherit_color panel-widget-style panel-widget-style-for-1580-6-2-0\" ><div class=\"fun-facts-section\">\n\t<div class=\"tg-fun-facts-widget tg-fun-facts-layout-2\">\n\t\t<div class=\"fun-facts-wrapper\">\n\t\t\t\t\t\t<span class=\"fun-facts-icon-wrap\"><i class=\"fa fa-telegram\"><\/i><\/span>\n\t\t\t\t\t\t\t\t\t<span class=\"counter-wrapper\"><span class=\"counter\">25<\/span><i class=\"fa fa-plus\"><\/i><\/span>\n\t\t\t\t\t\t\t\t\t<h3 class=\"fun-facts-title-wrap\">Export Countries<\/h3>\n\t\t\t\t\t<\/div>\n\t<\/div>\n<\/div>\n<\/div><\/div><\/div><\/div><\/div><div id=\"pg-1580-7\"  class=\"panel-grid panel-has-style\" ><div class=\"siteorigin-panels-stretch panel-row-style panel-row-style-for-1580-7\" data-stretch-type=\"full\" ><div id=\"pgc-1580-7-0\"  class=\"panel-grid-cell\" ><div id=\"panel-1580-7-0-0\" class=\"so-panel widget widget_themegrill_flash_about tg-widget tg-about-widget about-section panel-first-child panel-last-child\" data-index=\"13\" ><div class=\"panel-widget-style panel-widget-style-for-1580-7-0-0\" ><div class=\"tg-column-wrapper\">\n\t<div class=\"about-content-wrapper tg-column-2\">\n\t\t\t\t<h3 class=\"section-title\">ZEYREK SUIT<\/h3>\n\t\t\t\t\t\t<div class=\"section-description\">Our company ZEYREK Menswear established in 1980 and it combines all menswear details such as suits, tuxedos, blazers, coats, shirts, trousers, shoes and accessories.\n\nZEYREK takes steps with principle of accuracy, inspects the entire process from production to presentation, provides natural and quality items. ZEYREK has ranked among the fast-growing companies whose strategy is built upon excellence, quality and reasonable prices. <\/div>\n\t\t\t\t\t\t<div class=\"btn-wrapper\">\n\t\t\t<a class=\"about-more\" href=\"https:\/\/zeyreksuit.trustpass.alibaba.com\/company_profile.html?spm=a2700.icbuShop.88.21.51df4d87IyElzS\">READ MORE<\/a>\n\t\t<\/div>\n\t\t\t<\/div>\n\t\t<figure class=\"about-section-image tg-column-2\">\n\t\t<img decoding=\"async\" src=\"http:\/\/zeyreksuit.com\/wp-content\/uploads\/2017\/02\/project-2.jpg\" \/>\n\t<\/figure>\n\t<\/div>\n<\/div><\/div><\/div><\/div><\/div><div id=\"pg-1580-8\"  class=\"panel-grid panel-has-style\" ><div class=\"panel-row-style panel-row-style-for-1580-8\" ><div id=\"pgc-1580-8-0\"  class=\"panel-grid-cell panel-grid-cell-empty\" ><\/div><\/div><\/div><\/div>","protected":false},"excerpt":{"rendered":"","protected":false},"author":1,"featured_media":0,"parent":0,"menu_order":0,"comment_status":"closed","ping_status":"closed","template":"page-templates\/pagebuilder.php","meta":{"footnotes":""},"class_list":["post-1580","page","type-page","status-publish","hentry"],"_links":{"self":[{"href":"https:\/\/zeyreksuit.com\/index.php?rest_route=\/wp\/v2\/pages\/1580"}],"collection":[{"href":"https:\/\/zeyreksuit.com\/index.php?rest_route=\/wp\/v2\/pages"}],"about":[{"href":"https:\/\/zeyreksuit.com\/index.php?rest_route=\/wp\/v2\/types\/page"}],"author":[{"embeddable":true,"href":"https:\/\/zeyreksuit.com\/index.php?rest_route=\/wp\/v2\/users\/1"}],"replies":[{"embeddable":true,"href":"https:\/\/zeyreksuit.com\/index.php?rest_route=%2Fwp%2Fv2%2Fcomments&post=1580"}],"version-history":[{"count":80,"href":"https:\/\/zeyreksuit.com\/index.php?rest_route=\/wp\/v2\/pages\/1580\/revisions"}],"predecessor-version":[{"id":1648,"href":"https:\/\/zeyreksuit.com\/index.php?rest_route=\/wp\/v2\/pages\/1580\/revisions\/1648"}],"wp:attachment":[{"href":"https:\/\/zeyreksuit.com\/index.php?rest_route=%2Fwp%2Fv2%2Fmedia&parent=1580"}],"curies":[{"name":"wp","href":"https:\/\/api.w.org\/{rel}","templated":true}]}}